{"id":134,"date":"2019-12-11T21:46:31","date_gmt":"2019-12-11T21:46:31","guid":{"rendered":"http:\/\/www.otrasenda.org\/?page_id=134"},"modified":"2021-04-13T18:14:35","modified_gmt":"2021-04-13T18:14:35","slug":"fortaleciendo-nuestras-raices","status":"publish","type":"page","link":"https:\/\/www.otrasenda.org\/index.php\/fortaleciendo-nuestras-raices\/","title":{"rendered":"Fortaleciendo nuestras ra\u00edces"},"content":{"rendered":"<p>Curso:<\/p>\n<h3><span style=\"color: #993300;\">Lengua nahua, cuenta del tiempo y tonalpohualli.<br \/>\n<\/span><\/h3>\n<p>En l\u00ednea y presencial<\/p>\n<p><img decoding=\"async\" loading=\"lazy\" class=\"alignnone wp-image-365 size-large\" src=\"http:\/\/www.otrasenda.org\/wp-content\/uploads\/2019\/12\/cursoIx2-1024x695.png\" alt=\"cursoIx2\" width=\"840\" height=\"570\" srcset=\"https:\/\/www.otrasenda.org\/wp-content\/uploads\/2019\/12\/cursoIx2-1024x695.png 1024w, https:\/\/www.otrasenda.org\/wp-content\/uploads\/2019\/12\/cursoIx2-300x204.png 300w, https:\/\/www.otrasenda.org\/wp-content\/uploads\/2019\/12\/cursoIx2-768x521.png 768w, https:\/\/www.otrasenda.org\/wp-content\/uploads\/2019\/12\/cursoIx2-1200x815.png 1200w\" sizes=\"(max-width: 840px) 100vw, 840px\" \/><\/p>\n<p class=\"western\"><span style=\"font-family: DejaVu Sans, serif;\"><span style=\"font-size: small;\"><span lang=\"es-MX\">La lengua nahua es m\u00e1s que un lenguaje, ella involucra toda una cosmopercepci\u00f3n que nos incita a buscar el camino armonioso. Tambi\u00e9n, adem\u00e1s de ser una de las lenguas ind\u00edgenas con mayor n\u00famero de hablantes en nuestro pa\u00eds y una de las m\u00e1s ricas por su enorme valor tanto ling\u00fc\u00edstico como cultural, es un v\u00ednculo con nuestra cultura originaria y una valiosa herramienta para fortalecer nuestra identidad. <\/span><\/span><\/span><\/p>\n<p>Empezamos el mi\u00e9rcoles <span style=\"font-size: 18pt;\"><strong>14 de abril 2021<\/strong><\/span>\u00a0 con el fin de compartir y seguir creciendo juntos en conocimientos acerca de nuestra propia cultura madre.<\/p>\n<p><span style=\"font-size: 14pt;\">El cupo presencial es limitado pero todos est\u00e1n invitados a tomarlo a distancia. En l\u00ednea lo tomaremos por medio de un grupo cerrado de facebook en donde podr\u00e1n ver las clases y comentar. Adem\u00e1s las sesiones quedar\u00e1n grabadas por si el horario se les complica.<\/span><\/p>\n<p>\u00bfCu\u00e1nto sabemos realmente de nuestra propia cultura, considerada una de las culturas madre?. Fortalezcamos nuestras ra\u00edces y sintamos el orgullo de ser los descendientes de An\u00e1huac.<\/p>\n<p><img decoding=\"async\" loading=\"lazy\" class=\"size-medium wp-image-367 alignleft\" src=\"http:\/\/www.otrasenda.org\/wp-content\/uploads\/2019\/12\/mapa-217x300.png\" alt=\"mapa\" width=\"217\" height=\"300\" srcset=\"https:\/\/www.otrasenda.org\/wp-content\/uploads\/2019\/12\/mapa-217x300.png 217w, https:\/\/www.otrasenda.org\/wp-content\/uploads\/2019\/12\/mapa.png 464w\" sizes=\"(max-width: 217px) 100vw, 217px\" \/><\/p>\n<p>La cita son los <span style=\"color: #993300;\"><strong>mi\u00e9rcoles de 7:15 a 9 pm<\/strong><\/span> en:<\/p>\n<p><strong><span style=\"color: #000000;\">Alhambra 608. Portales<\/span><\/strong>.<\/p>\n<p>A 5 minutos del metro ermita.<\/p>\n<p>Ser\u00e1n 9 sesiones.<\/p>\n<p>Recuperaci\u00f3n de: $50 p\/clase o bien un pago de $450<\/p>\n<h4><strong>\u00bfQu\u00e9 aprenderemos?<\/strong><\/h4>\n<p><img decoding=\"async\" loading=\"lazy\" class=\"size-medium wp-image-168 alignleft\" src=\"http:\/\/www.otrasenda.org\/wp-content\/uploads\/2019\/12\/espiral-300x286.png\" alt=\"espiral\" width=\"300\" height=\"286\" srcset=\"https:\/\/www.otrasenda.org\/wp-content\/uploads\/2019\/12\/espiral-300x286.png 300w, https:\/\/www.otrasenda.org\/wp-content\/uploads\/2019\/12\/espiral-768x732.png 768w, https:\/\/www.otrasenda.org\/wp-content\/uploads\/2019\/12\/espiral-1024x975.png 1024w, https:\/\/www.otrasenda.org\/wp-content\/uploads\/2019\/12\/espiral-1200x1143.png 1200w, https:\/\/www.otrasenda.org\/wp-content\/uploads\/2019\/12\/espiral.png 2047w\" sizes=\"(max-width: 300px) 100vw, 300px\" \/><\/p>\n<p>-Nos introduciremos en la estructura y pr\u00e1ctica de la lengua nahua.<\/p>\n<p>-La cuenta del tiempo mexica, entendiendo su din\u00e1mica, sus diferentes cuentas anidadas, sus relaciones astron\u00f3mica.<\/p>\n<p>-El Tonalpohualli, entenderemos la relaci\u00f3n de la cuenta del tiempo con el cosmos y sus energ\u00edas. Aprenderemos a conocer nuestro tonal, nuestra energ\u00eda de nacimiento.<\/p>\n<p>&nbsp;<\/p>\n<p><img decoding=\"async\" loading=\"lazy\" class=\"alignright wp-image-207 size-medium\" src=\"http:\/\/www.otrasenda.org\/wp-content\/uploads\/2019\/12\/nah-300x233.png\" alt=\"nah\" width=\"300\" height=\"233\" srcset=\"https:\/\/www.otrasenda.org\/wp-content\/uploads\/2019\/12\/nah-300x233.png 300w, https:\/\/www.otrasenda.org\/wp-content\/uploads\/2019\/12\/nah-768x597.png 768w, https:\/\/www.otrasenda.org\/wp-content\/uploads\/2019\/12\/nah-1024x797.png 1024w, https:\/\/www.otrasenda.org\/wp-content\/uploads\/2019\/12\/nah-1200x934.png 1200w, https:\/\/www.otrasenda.org\/wp-content\/uploads\/2019\/12\/nah.png 1878w\" sizes=\"(max-width: 300px) 100vw, 300px\" \/><\/p>\n<p>&#8211; Aprenderemos la numeraci\u00f3n mexica.<\/p>\n<p>&#8211; Nos adentraremos en entender su cosmopercepci\u00f3n y c\u00f3mo esta puede ayudarnos en nuestra vida diaria y en nuestra comunidad.<\/p>\n<p>Imparte: Ze mikistli e Ixquimilitl<\/p>\n<p><span style=\"font-size: 14pt;\">\u00a0<\/span><\/p>\n<p>Puedes realizar tu pago con tarjeta en los siguientes botones o si prefieres que te de una cuenta por favor escr\u00edbeme un mensaje al 5562433168:<\/p>\n<p>Un solo pago de $450:<\/p>\n<form action=\"https:\/\/www.paypal.com\/cgi-bin\/webscr\" method=\"post\" target=\"_top\"><input name=\"cmd\" type=\"hidden\" value=\"_s-xclick\" \/><br \/>\n<input name=\"hosted_button_id\" type=\"hidden\" value=\"HADWWW54ZV826\" \/><br \/>\n<input alt=\"PayPal - The safer, easier way to pay online!\" name=\"submit\" src=\"https:\/\/www.paypalobjects.com\/en_US\/MX\/i\/btn\/btn_buynowCC_LG.gif\" type=\"image\" \/><br \/>\n<img decoding=\"async\" loading=\"lazy\" src=\"https:\/\/www.paypalobjects.com\/en_US\/i\/scr\/pixel.gif\" alt=\"\" width=\"1\" height=\"1\" border=\"0\" \/><\/form>\n<p>O $50 por clase:<\/p>\n<form action=\"https:\/\/www.paypal.com\/cgi-bin\/webscr\" method=\"post\" target=\"_top\">\n<input name=\"hosted_button_id\" type=\"hidden\" value=\"4MEFNTLH2UEY2\" \/><br \/>\n<input alt=\"PayPal - The safer, easier way to pay online!\" name=\"submit\" src=\"https:\/\/www.paypalobjects.com\/en_US\/MX\/i\/btn\/btn_buynowCC_LG.gif\" type=\"image\" \/><br \/>\n<img decoding=\"async\" loading=\"lazy\" src=\"https:\/\/www.paypalobjects.com\/en_US\/i\/scr\/pixel.gif\" alt=\"\" width=\"1\" height=\"1\" border=\"0\" \/><\/form>\n<form action=\"https:\/\/www.paypal.com\/cgi-bin\/webscr\" method=\"post\" target=\"_top\"><input name=\"cmd\" type=\"hidden\" value=\"_s-xclick\" \/><\/form>\n<form action=\"https:\/\/www.paypal.com\/cgi-bin\/webscr\" method=\"post\" target=\"_top\"><img decoding=\"async\" loading=\"lazy\" src=\"https:\/\/www.paypalobjects.com\/en_US\/i\/scr\/pixel.gif\" alt=\"\" width=\"1\" height=\"1\" border=\"0\" \/><\/p>\n<\/form>\n<form action=\"https:\/\/www.paypal.com\/cgi-bin\/webscr\" method=\"post\" target=\"paypal\"><img decoding=\"async\" loading=\"lazy\" src=\"https:\/\/www.paypalobjects.com\/en_US\/i\/scr\/pixel.gif\" alt=\"\" width=\"1\" height=\"1\" border=\"0\" \/><\/form>\n<h4 style=\"text-align: center;\"><span style=\"color: #003366;\">Una lengua, una cultura, una cosmovisi\u00f3n&#8230;. una nueva conciencia.<\/span><\/h4>\n<h4 style=\"text-align: left;\"><span style=\"color: #800000;\">Contacto:<\/span><\/h4>\n<p style=\"text-align: left;\"><span style=\"color: #800000;\"><strong>contacto@otrasenda.org <\/strong><\/span><\/p>\n<p style=\"text-align: left;\"><span style=\"color: #800000;\"><strong><span style=\"color: #008000;\">Llama a: 55 62433168 o 5566303714<\/span><\/strong><\/span><\/p>\n<p style=\"text-align: left;\"><a href=\"https:\/\/www.facebook.com\/otrasendaac\/\"><img decoding=\"async\" loading=\"lazy\" class=\"alignnone wp-image-198 size-thumbnail\" src=\"http:\/\/www.otrasenda.org\/wp-content\/uploads\/2019\/11\/faceOS-150x150.png\" alt=\"faceOS\" width=\"150\" height=\"150\" srcset=\"https:\/\/www.otrasenda.org\/wp-content\/uploads\/2019\/11\/faceOS-150x150.png 150w, https:\/\/www.otrasenda.org\/wp-content\/uploads\/2019\/11\/faceOS-768x775.png 768w, https:\/\/www.otrasenda.org\/wp-content\/uploads\/2019\/11\/faceOS.png 920w\" sizes=\"(max-width: 150px) 100vw, 150px\" \/><\/a><\/p>\n<p class=\"western\"><span style=\"font-family: DejaVu Sans, serif;\"><span style=\"font-size: small;\"><span lang=\"es-MX\">\u00a0<\/span><\/span><\/span><\/p>\n<p class=\"western\">Te espe<\/p>\n<p><a href=\"http:\/\/www.otrasenda.org\/index.php\/calendario\/\" target=\"_blank\">Calendario mexica<\/a><a href=\"http:\/\/www.otrasenda.org\/index.php\/calendario\/\"><img decoding=\"async\" loading=\"lazy\" class=\"alignnone wp-image-162 size-full\" src=\"http:\/\/www.otrasenda.org\/wp-content\/uploads\/2019\/12\/calendario.png\" alt=\"calendario\" width=\"1961\" height=\"813\" srcset=\"https:\/\/www.otrasenda.org\/wp-content\/uploads\/2019\/12\/calendario.png 1961w, https:\/\/www.otrasenda.org\/wp-content\/uploads\/2019\/12\/calendario-300x124.png 300w, https:\/\/www.otrasenda.org\/wp-content\/uploads\/2019\/12\/calendario-768x318.png 768w, https:\/\/www.otrasenda.org\/wp-content\/uploads\/2019\/12\/calendario-1024x425.png 1024w, https:\/\/www.otrasenda.org\/wp-content\/uploads\/2019\/12\/calendario-1200x498.png 1200w\" sizes=\"(max-width: 1961px) 100vw, 1961px\" \/><\/a><\/p>\n","protected":false},"excerpt":{"rendered":"<p>Curso: Lengua nahua, cuenta del tiempo y tonalpohualli. En l\u00ednea y presencial La lengua nahua es m\u00e1s que un lenguaje, [&hellip;]<\/p>\n","protected":false},"author":2,"featured_media":0,"parent":0,"menu_order":0,"comment_status":"closed","ping_status":"closed","template":"","meta":{"site-sidebar-layout":"default","site-content-layout":"","ast-site-content-layout":"","site-content-style":"default","site-sidebar-style":"default","ast-global-header-display":"","ast-banner-title-visibility":"","ast-main-header-display":"","ast-hfb-above-header-display":"","ast-hfb-below-header-display":"","ast-hfb-mobile-header-display":"","site-post-title":"","ast-breadcrumbs-content":"","ast-featured-img":"","footer-sml-layout":"","theme-transparent-header-meta":"","adv-header-id-meta":"","stick-header-meta":"","header-above-stick-meta":"","header-main-stick-meta":"","header-below-stick-meta":"","astra-migrate-meta-layouts":"default","ast-page-background-enabled":"default","ast-page-background-meta":{"desktop":{"background-color":"var(--ast-global-color-5)","background-image":"","background-repeat":"repeat","background-position":"center center","background-size":"auto","background-attachment":"scroll","background-type":"","background-media":"","overlay-type":"","overlay-color":"","overlay-opacity":"","overlay-gradient":""},"tablet":{"background-color":"","background-image":"","background-repeat":"repeat","background-position":"center center","background-size":"auto","background-attachment":"scroll","background-type":"","background-media":"","overlay-type":"","overlay-color":"","overlay-opacity":"","overlay-gradient":""},"mobile":{"background-color":"","background-image":"","background-repeat":"repeat","background-position":"center center","background-size":"auto","background-attachment":"scroll","background-type":"","background-media":"","overlay-type":"","overlay-color":"","overlay-opacity":"","overlay-gradient":""}},"ast-content-background-meta":{"desktop":{"background-color":"var(--ast-global-color-4)","background-image":"","background-repeat":"repeat","background-position":"center center","background-size":"auto","background-attachment":"scroll","background-type":"","background-media":"","overlay-type":"","overlay-color":"","overlay-opacity":"","overlay-gradient":""},"tablet":{"background-color":"var(--ast-global-color-4)","background-image":"","background-repeat":"repeat","background-position":"center center","background-size":"auto","background-attachment":"scroll","background-type":"","background-media":"","overlay-type":"","overlay-color":"","overlay-opacity":"","overlay-gradient":""},"mobile":{"background-color":"var(--ast-global-color-4)","background-image":"","background-repeat":"repeat","background-position":"center center","background-size":"auto","background-attachment":"scroll","background-type":"","background-media":"","overlay-type":"","overlay-color":"","overlay-opacity":"","overlay-gradient":""}}},"_links":{"self":[{"href":"https:\/\/www.otrasenda.org\/index.php\/wp-json\/wp\/v2\/pages\/134"}],"collection":[{"href":"https:\/\/www.otrasenda.org\/index.php\/wp-json\/wp\/v2\/pages"}],"about":[{"href":"https:\/\/www.otrasenda.org\/index.php\/wp-json\/wp\/v2\/types\/page"}],"author":[{"embeddable":true,"href":"https:\/\/www.otrasenda.org\/index.php\/wp-json\/wp\/v2\/users\/2"}],"replies":[{"embeddable":true,"href":"https:\/\/www.otrasenda.org\/index.php\/wp-json\/wp\/v2\/comments?post=134"}],"version-history":[{"count":10,"href":"https:\/\/www.otrasenda.org\/index.php\/wp-json\/wp\/v2\/pages\/134\/revisions"}],"predecessor-version":[{"id":374,"href":"https:\/\/www.otrasenda.org\/index.php\/wp-json\/wp\/v2\/pages\/134\/revisions\/374"}],"wp:attachment":[{"href":"https:\/\/www.otrasenda.org\/index.php\/wp-json\/wp\/v2\/media?parent=134"}],"curies":[{"name":"wp","href":"https:\/\/api.w.org\/{rel}","templated":true}]}}