{"id":188,"date":"2019-12-26T00:28:20","date_gmt":"2019-12-26T00:28:20","guid":{"rendered":"http:\/\/www.otrasenda.org\/?page_id=188"},"modified":"2020-03-06T17:22:29","modified_gmt":"2020-03-06T17:22:29","slug":"diplomadohm","status":"publish","type":"page","link":"https:\/\/www.otrasenda.org\/index.php\/diplomadohm\/","title":{"rendered":"Diplomado en Salud Herbolaria y Probi\u00f3tica"},"content":{"rendered":"<div style=\"text-align: center;\"><img decoding=\"async\" loading=\"lazy\" class=\"size-medium wp-image-325 alignleft\" src=\"http:\/\/www.otrasenda.org\/wp-content\/uploads\/2019\/12\/modulo2-300x237.png\" alt=\"modulo2\" width=\"300\" height=\"237\" srcset=\"https:\/\/www.otrasenda.org\/wp-content\/uploads\/2019\/12\/modulo2-300x237.png 300w, https:\/\/www.otrasenda.org\/wp-content\/uploads\/2019\/12\/modulo2-768x607.png 768w, https:\/\/www.otrasenda.org\/wp-content\/uploads\/2019\/12\/modulo2-1024x809.png 1024w, https:\/\/www.otrasenda.org\/wp-content\/uploads\/2019\/12\/modulo2-1200x948.png 1200w, https:\/\/www.otrasenda.org\/wp-content\/uploads\/2019\/12\/modulo2.png 1565w\" sizes=\"(max-width: 300px) 100vw, 300px\" \/><\/div>\n<div style=\"text-align: center;\"><\/div>\n<p style=\"text-align: center;\"><span style=\"color: #ff0000; font-size: 14pt;\"><strong>DIPLOMADO EN SALUD HERBOLARIA Y PROBI\u00d3TICA<\/strong><\/span><\/p>\n<p style=\"text-align: center;\"><span style=\"font-size: 14pt;\"><em><span style=\"color: #003300;\">Si cree<\/span><span style=\"color: #003300;\">s que est\u00e1s en control de tus emociones&#8230;.pi\u00e9nsalo de nuevo&#8230; las bacterias\u00a0de nuestro intestino juegan un papel primordial en nuestras emociones. <\/span><\/em><\/span><\/p>\n<p style=\"text-align: center;\"><span style=\"font-size: 10pt;\"><em><span style=\"color: #003300;\"><span style=\"font-size: 14pt;\">Comes\u00a0sanamente e incluso haces ejercicio y no bajas de peso, pues pueden ser otra vez las bacterias de tu intestino. Esas bacterias\u00a0que en general son conocidas como microbiota se sabe por m\u00faltiples\u00a0estudios cient\u00edficos que juegan un papel primordial en la salud f\u00edsica\u00a0y mental de las personas.<\/span><br \/>\n<\/span><\/em><\/span><\/p>\n<div style=\"text-align: center;\"><\/div>\n<p style=\"text-align: center;\">\u00a0<span style=\"color: #000000;\">En este curso te\u00f3rico-pr\u00e1ctico, dos cient\u00edficas con estudios de doctorado y\u00a0 especialistas\u00a0en microbiota te mostraran c\u00f3mo sanar y mantener en estado \u00f3ptimo a tu microbiota intestinal mediante la incorporaci\u00f3n de la herbolaria tradicional con sustento cient\u00edfico en nuestras vidas. En el curso se revisar\u00e1n las bases biol\u00f3gicas del uso de la fitoterapia y fermentos en relaci\u00f3n a la ecolog\u00eda del microbiota en su relaci\u00f3n con diversas componentes de nuestra salud.<br \/>\n<\/span><\/p>\n<hr \/>\n<div class=\"text_exposed_show\">\n<h4 style=\"text-align: center;\">Estructura del diplomado<\/h4>\n<p style=\"text-align: left;\">Actualmente cada vez somos m\u00e1s conscientes de que el proceso salud-enfermedad se asocia al equilibrio y din\u00e1mica de las interacciones entre todos nuestros sistemas y los miles de millones de microorganismos que habitan nuestro cuerpo, constituy\u00e9ndonos como un superorganismo.<\/p>\n<p style=\"text-align: left;\"><strong>OBJETIVO:<\/strong><br \/>\nBrindarte las herramientas te\u00f3ricas y pr\u00e1cticas de la medicina herbolaria y el cuidado de la microbiota con el fin de mantener un estado de salud y bienestar.<\/p>\n<p style=\"text-align: left;\"><strong>Objetivos particulares:<\/strong><br \/>\n&#8211; Entender que es la microbiota y su papel en nuestra salud f\u00edsica y mental.<br \/>\n&#8211; Entender como funciona cada sistema de nuestro cuerpo y el uso de las plantas que nos ayudan a mantener su salud con una base cient\u00edfica.<br \/>\n&#8211; Entender el proceso de disbiosis en la microbiota y su relaci\u00f3n con los procesos de enfermedad o p\u00e9rdida de salud.<br \/>\n&#8211; Aprender la elaboraci\u00f3n de diversos productos herbolarios.<br \/>\n&#8211; Conocer que alimentos y pr\u00e1cticas nos ayudan a mantener sana nuestra microbiota.<br \/>\n&#8211; Crear un plan anual de salud natural.<\/p>\n<p>El diplomado consta de 4 m\u00f3dulos y est\u00e1 planeado de forma que puedas cursar cada m\u00f3dulo de forma independiente y en los tiempos que mejor te convengan. Puedes obtener la constancia de cada m\u00f3dulo avalada por la AC y adem\u00e1s la constancia del diplomado si completas todos los m\u00f3dulos.<\/p>\n<\/div>\n<div class=\"text_exposed_show\"><\/div>\n<div class=\"text_exposed_show\">\n<p><span style=\"color: #000000; font-size: 14pt;\"><strong>M\u00d3DULO 1: Microbiota intestinal y salud herbolaria del sistema digestivo.<\/strong><\/span><\/p>\n<p><span style=\"color: #000000; font-size: 14pt;\"><strong>M\u00d3DULO 2: Salud herbolaria y papel de la microbiota en los sistemas respiratorio e inmunol\u00f3gico.<br \/>\n<\/strong><\/span><\/p>\n<p><span style=\"color: #000000; font-size: 14pt;\"><strong>M\u00d3DULO 3: Psicobi\u00f3ticos\u00a0 y salud herbolaria del sistema nervioso y m\u00fasculo-esquel\u00e9tico.<br \/>\n<\/strong><\/span><\/p>\n<p><span style=\"color: #000000; font-size: 14pt;\"><strong>M\u00d3DULO 4: Salud herbolaria y papel de la microbiota en los sistemas urogenital y circulatorio.<br \/>\n<\/strong><\/span><\/p>\n<\/div>\n<hr \/>\n<div style=\"text-align: center;\">\n<h6 style=\"text-align: left;\"><\/h6>\n<h6 style=\"text-align: left;\"><span style=\"color: #ff0000;\">Pr\u00f3ximos ingresos:<\/span><\/h6>\n<p style=\"text-align: left;\"><span style=\"color: #003300; font-size: 14pt;\"><strong>DIPLOMADO EN SALUD HERBOLARIA Y PROBI\u00d3TICA <\/strong><\/span><span style=\"color: #003300;\">OTRASENDA AC<\/span><br \/>\n<span style=\"color: #808000; font-size: 14pt;\"><strong>M\u00d3DULO 1: Microbiota intestinal y salud herbolaria del sistema digestivo.<\/strong><\/span><br \/>\n<span style=\"font-size: 14pt;\">7 sesiones de 2:30 hrs (18 hrs totales)<\/span><\/p>\n<table style=\"border-color: #1d7014; background-color: #bac2ae;\">\n<tbody>\n<tr>\n<td><strong>Grupo S\u00e1bados<\/strong><\/td>\n<td><strong>Grupo Jueves<\/strong><\/td>\n<\/tr>\n<tr>\n<td>10 a 12:30 hrs<\/td>\n<td>11 a 13:30 hrs<\/td>\n<\/tr>\n<tr>\n<td>Del \u00a014 de marzo al 2 de mayo del 2020<\/td>\n<td>Del 19 de marzo al 30 de abril del 2020<\/td>\n<\/tr>\n<tr>\n<td>Imparte: cDra. Alejandra Gutierr\u00e9z<\/td>\n<td>Imparte: Dra. Elvia Ram\u00edrez Carrillo<\/td>\n<\/tr>\n<\/tbody>\n<\/table>\n<p style=\"text-align: left;\"><span style=\"color: #3366ff;\"><span style=\"font-size: 14pt;\"><strong>M\u00d3DULO 2: <span style=\"color: #3366ff; font-size: 14pt;\">Salud herbolaria y papel de la microbiota en los sistemas respiratorio e inmunol\u00f3gico.<\/span><br \/>\n<\/strong><\/span><\/span><\/p>\n<table style=\"border-color: #226110; background-color: #c8cfc4;\">\n<tbody>\n<tr>\n<td>\u00a0<strong>Grupo Domingos<\/strong><\/td>\n<\/tr>\n<tr>\n<td>11 a 13:30 hrs hrs<\/td>\n<\/tr>\n<tr>\n<td>Del 15 de marzo al 5 de abril del 2020<\/td>\n<\/tr>\n<tr>\n<td>Imparte: Dra. Elvia Ram\u00edrez\u00a0 Carrillo<\/td>\n<\/tr>\n<\/tbody>\n<\/table>\n<p>&nbsp;<\/p>\n<hr \/>\n<p style=\"text-align: left;\"><strong>Costos totales:<\/strong><\/p>\n<p style=\"text-align: left;\"><span style=\"font-size: 14pt;\">M\u00f3dulo 1 &#8211; 7 sesiones de 2:30 hrs (18 hrs totales)- $2300 (apartar con $1000)<br \/>\n<\/span><\/p>\n<p style=\"text-align: left;\"><span style=\"font-size: 14pt;\">M\u00f3dulo 2 &#8211; 4 sesiones de 2:30 hrs (18 hrs totales)- $1300 (apartar con $500)<br \/>\n<\/span><\/p>\n<p style=\"text-align: left;\"><span style=\"font-size: 14pt;\">M\u00f3dulo 3 &#8211; 4 sesiones de 2:30 hrs (18 hrs totales)- $1300 (apartar con $500)<br \/>\n<\/span><\/p>\n<p style=\"text-align: left;\"><span style=\"font-size: 14pt;\">M\u00f3dulo4 &#8211; 4 sesiones de 2:30 hrs (18 hrs totales)- $1300 (apartar con $500)<br \/>\n<\/span><\/p>\n<p style=\"text-align: left;\">Puedes hacer tu pago total o de apartado eligiendo la opci\u00f3n en el men\u00fa en el siguiente link:<\/p>\n<form action=\"https:\/\/www.paypal.com\/cgi-bin\/webscr\" method=\"post\" target=\"_top\"><input name=\"cmd\" type=\"hidden\" value=\"_s-xclick\" \/><br \/>\n<input name=\"hosted_button_id\" type=\"hidden\" value=\"XXXE94X2XPSRL\" \/><\/form>\n<table>\n<tbody>\n<tr>\n<td><input name=\"on0\" type=\"hidden\" value=\"Diplomado\" \/>Diplomado<\/td>\n<\/tr>\n<tr>\n<td><select name=\"os0\"><option value=\"Total1\">Total1 $1,300.00 MXN<\/option><option value=\"Total 2\">Total 2 $2,300.00 MXN<\/option><option value=\"Apartado1\">Apartado1 $500.00 MXN<\/option><option value=\"Apartado 2\">Apartado 2 $1,000.00 MXN<\/option><\/select><\/td>\n<\/tr>\n<\/tbody>\n<\/table>\n<p><input name=\"currency_code\" type=\"hidden\" value=\"MXN\" \/><br \/>\n<input alt=\"PayPal, la forma m\u00e1s segura y r\u00e1pida de pagar en l\u00ednea.\" name=\"submit\" src=\"https:\/\/www.paypalobjects.com\/es_XC\/MX\/i\/btn\/btn_buynowCC_LG.gif\" type=\"image\" \/><br \/>\n<img decoding=\"async\" loading=\"lazy\" src=\"https:\/\/www.paypalobjects.com\/en_US\/i\/scr\/pixel.gif\" alt=\"\" width=\"1\" height=\"1\" border=\"0\" \/><\/p>\n<form action=\"https:\/\/www.paypal.com\/cgi-bin\/webscr\" method=\"post\" target=\"_top\"><input name=\"cmd\" type=\"hidden\" value=\"_s-xclick\" \/><br \/>\n<input name=\"hosted_button_id\" type=\"hidden\" value=\"NF9ZHBJND3H44\" \/><\/p>\n<table>\n<tbody>\n<tr>\n<td><input name=\"on0\" type=\"hidden\" value=\"Promoci\u00f3n 2X\" \/>Promoci\u00f3n 2X<\/td>\n<\/tr>\n<tr>\n<td><select name=\"os0\"><option value=\"Total 1:\">Total 1: $2,200.00 MXN<\/option><option value=\"Total 2:\">Total 2: $4,100.00 MXN<\/option><\/select><\/td>\n<\/tr>\n<\/tbody>\n<\/table>\n<p><input name=\"currency_code\" type=\"hidden\" value=\"MXN\" \/><br \/>\n<input alt=\"PayPal, la forma m\u00e1s segura y r\u00e1pida de pagar en l\u00ednea.\" name=\"submit\" src=\"https:\/\/www.paypalobjects.com\/es_XC\/MX\/i\/btn\/btn_buynowCC_LG.gif\" type=\"image\" \/><br \/>\n<img decoding=\"async\" loading=\"lazy\" src=\"https:\/\/www.paypalobjects.com\/en_US\/i\/scr\/pixel.gif\" alt=\"\" width=\"1\" height=\"1\" border=\"0\" \/><\/p>\n<\/form>\n<hr \/>\n<p><span style=\"font-size: 14pt;\"><strong>Mayor informaci\u00f3n en: <\/strong><\/span><\/p>\n<p><span style=\"font-size: 14pt; color: #ff0000;\"><strong>contacto@otrasenda.org<\/strong><\/span><\/p>\n<p><span style=\"font-size: 14pt;\"><strong> o al:<\/strong> <\/span><\/p>\n<\/div>\n<div style=\"text-align: center;\"><span style=\"font-size: 14pt;\"><strong><span style=\"color: #008000;\">5566303714<\/span><\/strong><\/span><\/div>\n<div class=\"text_exposed_show\">\n<hr \/>\n<p><strong><span style=\"font-size: 14pt;\">PROGRAMA del M\u00f3dulo<\/span> <span style=\"font-size: 14pt;\">1:<\/span><\/strong><br \/>\n<span style=\"color: #008000;\">12 ene &#8211;<\/span> Introducci\u00f3n. Manipulaci\u00f3n, conservaci\u00f3n y mecanismos de acci\u00f3n fitoterape\u00fatica para el sistema digestivo de diversas plantas medicinales.<br \/>\n<em><strong>Objetivo particular:<\/strong> Explora la importancia de las buenas pr\u00e1cticas en todo el proceso fitoterap\u00e9utico y entiende sus principales principios de acci\u00f3n.<\/em><br \/>\n<span style=\"color: #008000;\">19 ene &#8211;<\/span> Papel de la microbiota intestinal en nuestra salud integral y procesos de disbiosis.<br \/>\n<em><strong>Objetivo particular:<\/strong> Entiende quien integra la microbiota intestinal y las relaciones que establecemos con ella como la manera en que influye en nuestra salud f\u00edsica y mental. Analiza la relaci\u00f3n existente entre el proceso de disbiosis en la microbiota y los procesos de enfermedad o p\u00e9rdida de salud.<\/em><br \/>\n<span style=\"color: #008000;\">26 ene &#8211;<\/span> Herbolaria para los intestinos. Beneficios y elaboraci\u00f3n de fermentos.<br \/>\n<em><strong>Objetivo particular:<\/strong> Aprende un conjunto de plantas que nos ayudan a mantener nuestra salud intestinal, su principales activos fitoterape\u00faticos. Conoce diferentes opciones de fermentos como herramientas para mantener una microbiota sana y aprende a elaborarlos.<\/em><br \/>\n<span style=\"color: #008000;\">9 feb &#8211;<\/span> Herbolaria para el h\u00edgado. Elaboraci\u00f3n de tinturas y microdosis.<br \/>\n<em><strong>Objetivo particular:<\/strong> Aprende un conjunto de plantas que nos ayudan a la purificaci\u00f3n y tonifocaci\u00f3n del h\u00edgado. Conoce sus principales activos fitoterape\u00faticos y productos particulares. Aprende a elaborar tus propias tinturas y microdosis.<\/em><br \/>\n<span style=\"color: #008000;\">16 feb &#8211;<\/span> Herbolaria para est\u00f3mago y p\u00e1ncreas. La alimentaci\u00f3n como herramienta.<br \/>\n<em><strong>Objetivo particular:<\/strong> Aprende un conjunto de plantas y alimentos que nos ayudan a mantener nuestro est\u00f3mago y p\u00e1ncreas en estado de salud. Conoce que alimentos y pr\u00e1cticas nos ayudan a mantener sana nuestra microbiota en ambos.<\/em><br \/>\n<span style=\"color: #008000;\">23 feb &#8211;<\/span> Herbolaria para la ves\u00edcula biliar. Compuestos para diversas infusiones y decocciones.<br \/>\n<em><strong>Objetivo particular:<\/strong> Conoce diversas plantas que te ayudan a mantener en estado de salud en la ves\u00edcula biliar y sus \u00f3rganos asociados. Aprende y elabora diversos compuestos para infusiones o decocciones que te ayudan a mantener sano tu sistema digestivo.<\/em><br \/>\n<span style=\"color: #008000;\">1 mar-<\/span> Plan anual de salud natural. Acreditaci\u00f3n y entrega de constancias.<br \/>\n<em><strong>Objetivo particular:<\/strong> Con los conocimientos adquiridos crea un plan o programa que puedas seguir para procurar y mantener la salud del sistema digestivo.<\/em><\/p>\n<hr \/>\n<p style=\"text-align: left;\">Imparten: DC Elvia Ram\u00edrez (<a href=\"https:\/\/l.facebook.com\/l.php?u=http%3A%2F%2Framirezelvia.otrasenda.org%2F%3Ffbclid%3DIwAR2CIezlT_u3XEpTTLfn-NIkWyrj2p5qnkU37QJZK_-Tdgq9e1Jnhr-ZREU&amp;h=AT271cW8OimT6QX_8vg5LHQW_c-LIQcgFfYlu5l-JdzNnMfVvoqUFghy34Ob67dZTZDiaUKrW9LrrW-xVKIjJDRlL0niBaLUZb7rRE9MSwRzFfeaFoJ3WriB_Ebey9i7-eD2Ker3qE9LxmmSggx30gt0if7R3DNxo3GB-EQwwAQO1TFYhOaznnZ7zg442QU7fv_d3rxQ5wuP0WGR2RM4zMmpMWKOO0F6zVDPo7bdlJO7c-mAMRlcQDhrFI9rCoHedlVwdOw4_yi8V08y5g-BKog43_w-c21GCJUcTLOp8e-BogTmVA1RLywQnV1Aq7WXXsbt3IDfGMizddCNMB-UULXUzGDWJvC00MJcK5X1N8SnQXNpQduRY1jYvILIdnX9WRdg-0ajgTfBdKkzB7dwJEgmZm1KP3X556m0tV2YqG-hVUNkkqqRkQ_pNv9q0y6Zaw0a8iGpmBNTZVci9web8mGw3hiw2hicmfYdkYJFOfW_LObMfPV9SthlJ_TWwVr3Hna82y85A_S9YmqCq2Jmfnqcw6tDKRs3BT4-iLvIyflAZM6iP-7MYJ9qDyZazMkdvbg47zJZ3VMrwFc1c1-LmVLBSQ_RYKMYKcLmBHCAg4XUuq9cSgkdngXF50xbMJZdPEHQj1qiWzs6ZKxN-GkT\" target=\"_blank\" rel=\"noopener nofollow\" data-ft=\"{&quot;tn&quot;:&quot;-U&quot;}\" data-lynx-mode=\"async\">http:\/\/ramirezelvia.otrasenda.org\/<\/a>) y cDC Alejandra Gutierrez <a href=\"https:\/\/gutierrezale.otrasenda.org\/\">https:\/\/gutierrezale.otrasenda.org\/<\/a>)<\/p>\n<hr \/>\n<\/div>\n","protected":false},"excerpt":{"rendered":"<p>DIPLOMADO EN SALUD HERBOLARIA Y PROBI\u00d3TICA Si crees que est\u00e1s en control de tus emociones&#8230;.pi\u00e9nsalo de nuevo&#8230; las bacterias\u00a0de nuestro [&hellip;]<\/p>\n","protected":false},"author":2,"featured_media":0,"parent":0,"menu_order":0,"comment_status":"closed","ping_status":"closed","template":"","meta":{"site-sidebar-layout":"default","site-content-layout":"","ast-site-content-layout":"","site-content-style":"default","site-sidebar-style":"default","ast-global-header-display":"","ast-banner-title-visibility":"","ast-main-header-display":"","ast-hfb-above-header-display":"","ast-hfb-below-header-display":"","ast-hfb-mobile-header-display":"","site-post-title":"","ast-breadcrumbs-content":"","ast-featured-img":"","footer-sml-layout":"","theme-transparent-header-meta":"","adv-header-id-meta":"","stick-header-meta":"","header-above-stick-meta":"","header-main-stick-meta":"","header-below-stick-meta":"","astra-migrate-meta-layouts":"default","ast-page-background-enabled":"default","ast-page-background-meta":{"desktop":{"background-color":"var(--ast-global-color-5)","background-image":"","background-repeat":"repeat","background-position":"center center","background-size":"auto","background-attachment":"scroll","background-type":"","background-media":"","overlay-type":"","overlay-color":"","overlay-opacity":"","overlay-gradient":""},"tablet":{"background-color":"","background-image":"","background-repeat":"repeat","background-position":"center center","background-size":"auto","background-attachment":"scroll","background-type":"","background-media":"","overlay-type":"","overlay-color":"","overlay-opacity":"","overlay-gradient":""},"mobile":{"background-color":"","background-image":"","background-repeat":"repeat","background-position":"center center","background-size":"auto","background-attachment":"scroll","background-type":"","background-media":"","overlay-type":"","overlay-color":"","overlay-opacity":"","overlay-gradient":""}},"ast-content-background-meta":{"desktop":{"background-color":"var(--ast-global-color-4)","background-image":"","background-repeat":"repeat","background-position":"center center","background-size":"auto","background-attachment":"scroll","background-type":"","background-media":"","overlay-type":"","overlay-color":"","overlay-opacity":"","overlay-gradient":""},"tablet":{"background-color":"var(--ast-global-color-4)","background-image":"","background-repeat":"repeat","background-position":"center center","background-size":"auto","background-attachment":"scroll","background-type":"","background-media":"","overlay-type":"","overlay-color":"","overlay-opacity":"","overlay-gradient":""},"mobile":{"background-color":"var(--ast-global-color-4)","background-image":"","background-repeat":"repeat","background-position":"center center","background-size":"auto","background-attachment":"scroll","background-type":"","background-media":"","overlay-type":"","overlay-color":"","overlay-opacity":"","overlay-gradient":""}}},"_links":{"self":[{"href":"https:\/\/www.otrasenda.org\/index.php\/wp-json\/wp\/v2\/pages\/188"}],"collection":[{"href":"https:\/\/www.otrasenda.org\/index.php\/wp-json\/wp\/v2\/pages"}],"about":[{"href":"https:\/\/www.otrasenda.org\/index.php\/wp-json\/wp\/v2\/types\/page"}],"author":[{"embeddable":true,"href":"https:\/\/www.otrasenda.org\/index.php\/wp-json\/wp\/v2\/users\/2"}],"replies":[{"embeddable":true,"href":"https:\/\/www.otrasenda.org\/index.php\/wp-json\/wp\/v2\/comments?post=188"}],"version-history":[{"count":10,"href":"https:\/\/www.otrasenda.org\/index.php\/wp-json\/wp\/v2\/pages\/188\/revisions"}],"predecessor-version":[{"id":327,"href":"https:\/\/www.otrasenda.org\/index.php\/wp-json\/wp\/v2\/pages\/188\/revisions\/327"}],"wp:attachment":[{"href":"https:\/\/www.otrasenda.org\/index.php\/wp-json\/wp\/v2\/media?parent=188"}],"curies":[{"name":"wp","href":"https:\/\/api.w.org\/{rel}","templated":true}]}}