{"id":283,"date":"2020-01-11T16:17:04","date_gmt":"2020-01-11T16:17:04","guid":{"rendered":"http:\/\/www.otrasenda.org\/?page_id=283"},"modified":"2020-01-15T14:14:20","modified_gmt":"2020-01-15T14:14:20","slug":"cocinando-medicina","status":"publish","type":"page","link":"https:\/\/www.otrasenda.org\/index.php\/cocinando-medicina\/","title":{"rendered":"Cocinando medicina"},"content":{"rendered":"<p><img decoding=\"async\" loading=\"lazy\" class=\"alignnone wp-image-292 size-full\" src=\"http:\/\/www.otrasenda.org\/wp-content\/uploads\/2020\/01\/cocinando.png\" alt=\"cocinando\" width=\"2154\" height=\"1975\" srcset=\"https:\/\/www.otrasenda.org\/wp-content\/uploads\/2020\/01\/cocinando.png 2154w, https:\/\/www.otrasenda.org\/wp-content\/uploads\/2020\/01\/cocinando-300x275.png 300w, https:\/\/www.otrasenda.org\/wp-content\/uploads\/2020\/01\/cocinando-768x704.png 768w, https:\/\/www.otrasenda.org\/wp-content\/uploads\/2020\/01\/cocinando-1024x939.png 1024w, https:\/\/www.otrasenda.org\/wp-content\/uploads\/2020\/01\/cocinando-1200x1100.png 1200w\" sizes=\"(max-width: 2154px) 100vw, 2154px\" \/><\/p>\n<h2 style=\"text-align: center;\"><span style=\"color: #993366;\">Curso te\u00f3rico-pr\u00e1ctico: Cocinando medicina <\/span><\/h2>\n<h3 style=\"text-align: center;\">3, 13 y 20 de febrero<\/h3>\n<h3 style=\"text-align: center;\">de 9 a 11 am<\/h3>\n<h5 style=\"text-align: center;\"><span style=\"color: #008000;\">\u00a1Este es un curso para disfrutar, usar las manos y crear con infinitas ideas!<\/span><\/h5>\n<p>El curso dura tres sesiones durante las cuales trabajeramos las bases te\u00f3ricas de la herbolaria en la cocina y de forma pr\u00e1ctica elaborar diversos productos.<\/p>\n<h6><strong>\u00bfQu\u00e9 veremos?<\/strong><\/h6>\n<p>&#8211; Propiedades medicinales de las plantas que usualmente utilizamos en nuestra cocina.<\/p>\n<p>&#8211; Aprender a integrar nuestras hierbas en\u00a0 vinagres, aceites y vinos, as\u00ed como en nuestros mismos platillos.<\/p>\n<p>&#8211; Integrar algunos fermentos a nuestra dieta.<\/p>\n<h6><strong>Costos:<\/strong><\/h6>\n<p>Costo: $1800. Promoci\u00f3n: $1500<\/p>\n<p><strong>Promoci\u00f3n: Las primeras 2 personas en inscribirse reciben 2*1<\/strong><\/p>\n<p>Puedes pagar tu taller por Paypal en la siguiente liga o apartar tu lugar con $500:<\/p>\n<form action=\"https:\/\/www.paypal.com\/cgi-bin\/webscr\" method=\"post\" target=\"_top\"><input name=\"cmd\" type=\"hidden\" value=\"_s-xclick\" \/><br \/>\n<input name=\"hosted_button_id\" type=\"hidden\" value=\"QW2A7QBBWBVT4\" \/><\/p>\n<table>\n<tbody>\n<tr>\n<td><input name=\"on0\" type=\"hidden\" value=\"Cocinando medicina\" \/>Cocinando medicina<\/td>\n<\/tr>\n<tr>\n<td><select name=\"os0\"><option value=\"Precio especial\">Precio especial $1,500.00 MXN<\/option><option value=\"Apartado lugar\">Apartado lugar $500.00 MXN<\/option><\/select><\/td>\n<\/tr>\n<\/tbody>\n<\/table>\n<p><input name=\"currency_code\" type=\"hidden\" value=\"MXN\" \/><br \/>\n<input alt=\"PayPal, la forma m\u00e1s segura y r\u00e1pida de pagar en l\u00ednea.\" name=\"submit\" src=\"https:\/\/www.paypalobjects.com\/es_XC\/MX\/i\/btn\/btn_paynowCC_LG.gif\" type=\"image\" \/><br \/>\n<img decoding=\"async\" loading=\"lazy\" src=\"https:\/\/www.paypalobjects.com\/en_US\/i\/scr\/pixel.gif\" alt=\"\" width=\"1\" height=\"1\" border=\"0\" \/><\/p>\n<h6><strong>Ubicaci\u00f3n:<\/strong><\/h6>\n<\/form>\n<p>En: Cumbres de Maltrata 373, primer piso. Col. Narvarte poniente. Benito Ju\u00e1rez. A 10 minutos caminando del metro etiop\u00eda o 15 del metro Villa de Cort\u00e9s.<\/p>\n<p><img decoding=\"async\" loading=\"lazy\" class=\"alignnone wp-image-165 size-full\" src=\"http:\/\/www.otrasenda.org\/wp-content\/uploads\/2019\/12\/mapaCumbres.png\" alt=\"mapaCumbres\" width=\"3539\" height=\"2027\" srcset=\"https:\/\/www.otrasenda.org\/wp-content\/uploads\/2019\/12\/mapaCumbres.png 3539w, https:\/\/www.otrasenda.org\/wp-content\/uploads\/2019\/12\/mapaCumbres-300x172.png 300w, https:\/\/www.otrasenda.org\/wp-content\/uploads\/2019\/12\/mapaCumbres-768x440.png 768w, https:\/\/www.otrasenda.org\/wp-content\/uploads\/2019\/12\/mapaCumbres-1024x587.png 1024w, https:\/\/www.otrasenda.org\/wp-content\/uploads\/2019\/12\/mapaCumbres-1200x687.png 1200w\" sizes=\"(max-width: 3539px) 100vw, 3539px\" \/><\/p>\n<p>&nbsp;<\/p>\n<p>&nbsp;<\/p>\n","protected":false},"excerpt":{"rendered":"<p>Curso te\u00f3rico-pr\u00e1ctico: Cocinando medicina 3, 13 y 20 de febrero de 9 a 11 am \u00a1Este es un curso para [&hellip;]<\/p>\n","protected":false},"author":2,"featured_media":0,"parent":0,"menu_order":0,"comment_status":"closed","ping_status":"closed","template":"","meta":{"site-sidebar-layout":"default","site-content-layout":"","ast-site-content-layout":"","site-content-style":"default","site-sidebar-style":"default","ast-global-header-display":"","ast-banner-title-visibility":"","ast-main-header-display":"","ast-hfb-above-header-display":"","ast-hfb-below-header-display":"","ast-hfb-mobile-header-display":"","site-post-title":"","ast-breadcrumbs-content":"","ast-featured-img":"","footer-sml-layout":"","theme-transparent-header-meta":"","adv-header-id-meta":"","stick-header-meta":"","header-above-stick-meta":"","header-main-stick-meta":"","header-below-stick-meta":"","astra-migrate-meta-layouts":"default","ast-page-background-enabled":"default","ast-page-background-meta":{"desktop":{"background-color":"var(--ast-global-color-5)","background-image":"","background-repeat":"repeat","background-position":"center center","background-size":"auto","background-attachment":"scroll","background-type":"","background-media":"","overlay-type":"","overlay-color":"","overlay-opacity":"","overlay-gradient":""},"tablet":{"background-color":"","background-image":"","background-repeat":"repeat","background-position":"center center","background-size":"auto","background-attachment":"scroll","background-type":"","background-media":"","overlay-type":"","overlay-color":"","overlay-opacity":"","overlay-gradient":""},"mobile":{"background-color":"","background-image":"","background-repeat":"repeat","background-position":"center center","background-size":"auto","background-attachment":"scroll","background-type":"","background-media":"","overlay-type":"","overlay-color":"","overlay-opacity":"","overlay-gradient":""}},"ast-content-background-meta":{"desktop":{"background-color":"var(--ast-global-color-4)","background-image":"","background-repeat":"repeat","background-position":"center center","background-size":"auto","background-attachment":"scroll","background-type":"","background-media":"","overlay-type":"","overlay-color":"","overlay-opacity":"","overlay-gradient":""},"tablet":{"background-color":"var(--ast-global-color-4)","background-image":"","background-repeat":"repeat","background-position":"center center","background-size":"auto","background-attachment":"scroll","background-type":"","background-media":"","overlay-type":"","overlay-color":"","overlay-opacity":"","overlay-gradient":""},"mobile":{"background-color":"var(--ast-global-color-4)","background-image":"","background-repeat":"repeat","background-position":"center center","background-size":"auto","background-attachment":"scroll","background-type":"","background-media":"","overlay-type":"","overlay-color":"","overlay-opacity":"","overlay-gradient":""}}},"_links":{"self":[{"href":"https:\/\/www.otrasenda.org\/index.php\/wp-json\/wp\/v2\/pages\/283"}],"collection":[{"href":"https:\/\/www.otrasenda.org\/index.php\/wp-json\/wp\/v2\/pages"}],"about":[{"href":"https:\/\/www.otrasenda.org\/index.php\/wp-json\/wp\/v2\/types\/page"}],"author":[{"embeddable":true,"href":"https:\/\/www.otrasenda.org\/index.php\/wp-json\/wp\/v2\/users\/2"}],"replies":[{"embeddable":true,"href":"https:\/\/www.otrasenda.org\/index.php\/wp-json\/wp\/v2\/comments?post=283"}],"version-history":[{"count":10,"href":"https:\/\/www.otrasenda.org\/index.php\/wp-json\/wp\/v2\/pages\/283\/revisions"}],"predecessor-version":[{"id":301,"href":"https:\/\/www.otrasenda.org\/index.php\/wp-json\/wp\/v2\/pages\/283\/revisions\/301"}],"wp:attachment":[{"href":"https:\/\/www.otrasenda.org\/index.php\/wp-json\/wp\/v2\/media?parent=283"}],"curies":[{"name":"wp","href":"https:\/\/api.w.org\/{rel}","templated":true}]}}