{"id":97,"date":"2019-11-08T19:37:03","date_gmt":"2019-11-08T19:37:03","guid":{"rendered":"http:\/\/www.otrasenda.org\/?page_id=97"},"modified":"2022-03-02T13:25:14","modified_gmt":"2022-03-02T13:25:14","slug":"salud-natural","status":"publish","type":"page","link":"https:\/\/www.otrasenda.org\/index.php\/salud-natural\/","title":{"rendered":"Medicina herbolaria y probi\u00f3tica"},"content":{"rendered":"<hr \/>\n<h4><span style=\"color: #008000;\">Curso te\u00f3rico-pr\u00e1ctico: Medicina Herbolaria y probi\u00f3tica.<\/span><\/h4>\n<p><img decoding=\"async\" loading=\"lazy\" class=\"alignnone wp-image-360 size-full\" src=\"http:\/\/www.otrasenda.org\/wp-content\/uploads\/2019\/11\/anuncio2.png\" alt=\"anuncio2\" width=\"3285\" height=\"2696\" srcset=\"https:\/\/www.otrasenda.org\/wp-content\/uploads\/2019\/11\/anuncio2.png 3285w, https:\/\/www.otrasenda.org\/wp-content\/uploads\/2019\/11\/anuncio2-300x246.png 300w, https:\/\/www.otrasenda.org\/wp-content\/uploads\/2019\/11\/anuncio2-768x630.png 768w, https:\/\/www.otrasenda.org\/wp-content\/uploads\/2019\/11\/anuncio2-1024x840.png 1024w, https:\/\/www.otrasenda.org\/wp-content\/uploads\/2019\/11\/anuncio2-1200x985.png 1200w\" sizes=\"(max-width: 3285px) 100vw, 3285px\" \/><\/p>\n<h2><span style=\"color: #ff6600;\">Modalidad: A DISTANCIA<br \/>\n<\/span><\/h2>\n<p>Duraci\u00f3n: 3 meses para revisar 9 sesiones<\/p>\n<p>Promoci\u00f3n: pago \u00fanico de $1000<\/p>\n<p><span style=\"color: #008000;\"><strong><span class=\"d2edcug0 hpfvmrgz qv66sw1b c1et5uql gk29lw5a a8c37x1j keod5gw0 nxhoafnm aigsh9s9 d9wwppkn fe6kdd0r mau55g9w c8b282yb hrzyx87i jq4qci2q a3bd9o3v knj5qynh oo9gr5id hzawbc8m\" dir=\"auto\">El objetivo principal es que aprendan de forma significativa la tradici\u00f3n herbolaria y mecanismos de acci\u00f3n de las plantas y probi\u00f3ticos como herramientas terap\u00e9uticas para mantener t\u00fa estado de salud y bienestar.<\/span> <\/strong><\/span><\/p>\n<p><strong><span class=\"d2edcug0 hpfvmrgz qv66sw1b c1et5uql gk29lw5a a8c37x1j keod5gw0 nxhoafnm aigsh9s9 d9wwppkn fe6kdd0r mau55g9w c8b282yb hrzyx87i jq4qci2q a3bd9o3v knj5qynh oo9gr5id hzawbc8m\" dir=\"auto\">Las sesiones ser\u00e1n subidas a la plataforma moodle, a la cual podr\u00e1s accesar por medio de una clave. Ah\u00ed estar\u00e1n disponibes para que puedas verlas en el momento\u00a0 que te parezca m\u00e1s adecuado.<br \/>\n<\/span><\/strong><\/p>\n<hr \/>\n<h5><strong>Objetivos particulares que desarrollaremos a profundidad durante el diplomado:<\/strong><\/h5>\n<p>&#8211; Entender que es la microbiota y las relaciones que establecemos con ella como la manera que influye en nuestra salud f\u00edsica y mental.<br \/>\n&#8211; Entender como funciona cada sistema de nuestro cuerpo y aprender las plantas que nos ayudan a mantenerlos sanos, estudiando las propiedades medicinales de cada planta.<br \/>\n&#8211; Entender el proceso de disbiosis en la microbiota y su relaci\u00f3n con los procesos de enfermedad o p\u00e9rdida de salud.<br \/>\n&#8211; Aprender la elaboraci\u00f3n de diversos productos herbolarios: tinturas, microdosis, jarabes, pomadas, jabones.<br \/>\n&#8211; Conocer que alimentos y pr\u00e1cticas nos ayudan a mantener sana nuestra microbiota, y la elabortaci\u00f3n de distintos fermentos y salmueras.<br \/>\n&#8211; Crear un plan anual de salud natural.<\/p>\n<hr \/>\n<h4>Temario:<\/h4>\n<p><b>1. Introducci\u00f3n. Manipulaci\u00f3n, conservaci\u00f3n y mecanismos de acci\u00f3n fitoterape\u00fatica para el sistema digestivo de diversas plantas medicinales.<\/b><\/p>\n<p><span style=\"color: #21409a;\">Objetivo particular: Explora la importancia de las buenas pr\u00e1cticas en todo el proceso fitoterap\u00e9utico y entiende sus principales principios de acci\u00f3n.<\/span><\/p>\n<p><span style=\"color: #000000;\"><b>2. Herbolaria para el sistema respiratorio y elaboraci\u00f3n de jarabes.<\/b><\/span><\/p>\n<p><span style=\"color: #21409a;\">Objetivo particular: Conoce un botiquin b\u00e1sico para el cuidado de tu sistema respiratorio. Aprende a elaborar jarabes con diferentes formulaciones.<\/span><\/p>\n<p><b>3. Papel de la microbiota intestinal en nuestra salud integral y procesos de disbiosis.<\/b><\/p>\n<p><span style=\"color: #ed1c24;\">Objetivo particular: Entiende quien integra la microbiota intestinal y las relaciones que establecemos con ella como la manera en que influye en nuestra salud f\u00edsica y mental. Analiza la relaci\u00f3n existente entre el proceso de disbiosis en la microbiota y los procesos de enfermedad o p\u00e9rdida de salud.<\/span><\/p>\n<p><b>4. Herbolaria para los intestinos. Beneficios y elaboraci\u00f3n de fermentos.<\/b><\/p>\n<p><span style=\"color: #21409a;\">Objetivo particular: Aprende un conjunto de plantas que nos ayudan a mantener nuestra salud intestinal, su principales activos fitoterape\u00faticos. Conoce diferentes opciones de fermentos como herramientas para mantener una microbiota sana y aprende a elaborarlos.<\/span><\/p>\n<p><b>5. Herbolaria para el h\u00edgado. Elaboraci\u00f3n microdosis.<\/b><\/p>\n<p><span style=\"color: #ed1c24;\">Objetivo particular: Aprende un conjunto de plantas que nos ayudan a la purificaci\u00f3n y tonifocaci\u00f3n del h\u00edgado. Conoce sus principales activos fitoterape\u00faticos y productos particulares. Aprende a elaborar tus propias tinturas y microdosis.<\/span><\/p>\n<p><b>6. <\/b><b>H<\/b><b>erbolaria para est\u00f3mago y p\u00e1ncreas. <\/b><b>La alimentaci\u00f3n como herramienta.<\/b><\/p>\n<p><span style=\"color: #21409a;\">Objetivo particular: Aprende un conjunto de plantas y alimentos que nos ayudan a mantener nuestro est\u00f3mago y p\u00e1ncreas en estado de salud. Conoce que alimentos y pr\u00e1cticas nos ayudan a mantener sana nuestra microbiota en ambos.<\/span><\/p>\n<p><b>7. Herbolaria para la ves\u00edcula biliar. Compuestos para diversas infusiones y decocciones.<\/b><\/p>\n<p><span style=\"color: #ce181e;\">Objetivo particular: Conoce diversas plantas que te ayudan a mantener en estado de salud en la ves\u00edcula biliar y sus \u00f3rganos asociados. Aprende y elabora diversos compuestos para infusiones o decocciones que te ayudan a mantener sano tu sistema digestivo.<\/span><\/p>\n<p><span style=\"color: #000000;\"><b>8. Herbolaria para el sistema circulatorio y elaboraci\u00f3n de tinturas.<\/b><\/span><\/p>\n<p><span style=\"color: #21409a;\">Objetivo particular: Conoce un botiquin b\u00e1sico para el cuidado de tu sistema circulatorio. Aprende a elaborar tinturas herbolarias.<\/span><\/p>\n<p><b>9. P<\/b><b>lan anual de salud natural. <\/b><\/p>\n<p><span style=\"color: #21409a;\">Objetivo particular: Con los conocimientos adquiridos crea un plan o programa que puedas seguir para procurar y mantener la salud del sistema digestivo.<\/span><\/p>\n<hr \/>\n<h6>Imparte:<\/h6>\n<p>Dra. Elvia Ram\u00edrez Carrillo &#8211; <a href=\"https:\/\/l.facebook.com\/l.php?u=http%3A%2F%2Framirezelvia.otrasenda.org%2F%3Ffbclid%3DIwAR0rPG09nTv5jBKWwmMAuiBdZGfTl_gdU49QT3-pdv03IY0mvbe1WOQ1D_s&amp;h=AT3jxUV0Q1PrAl_CwEL0jWn5xyuo3SrgTRil6obx3fXCTO5wKv6Nu78_XbI_n3F6aD1GGQ41eg8VHIGF25LIyfOeUwEvy3wBZ1_YW78W5lZCBaD48eeV4-7XIU7_\" target=\"_blank\">http:\/\/ramirezelvia.otrasenda.org<\/a><br \/>\nInvestigadora posdoctoral en el Laboratorio de Neuroecolog\u00eda Cognitiva de la Facultad de Psicolog\u00eda, UNAM, estudiando la ecolog\u00eda de las redes microbianas intestinales. Hipnoterapeuta certificada por la Asociaci\u00f3n Norteam\u00e9ricana de Hipnosis A.C. y el Centro Argentino de Hipnosis Cl\u00ednica y Transpersonal. Coordinadora general de proyectos en la asociaci\u00f3n civil Otrasenda A.C.<\/p>\n<hr \/>\n<h3><span style=\"color: #993300;\">Proceso de inscripci\u00f3n:<\/span><\/h3>\n<h3><span style=\"color: #993300;\"><br \/>\nTe pedimos que llenes el siguiente registro de inscripci\u00f3n y hagas tu pago.<\/span><\/h3>\n<h3><span style=\"color: #993300;\"><br \/>\nPromoci\u00f3n: un pago \u00fanico de $1000<\/span><\/h3>\n<form action=\"https:\/\/www.paypal.com\/cgi-bin\/webscr\" method=\"post\" target=\"_top\">CUENTA DE DEPOSITO:<\/p>\n<p>Citibanamex<\/p>\n<p>Tarjeta: 5204 1657 3966 1399<\/p>\n<p>CLABE: 002180701762208972<\/p>\n<p>Elvia Ram\u00edrez<br \/>\n<img decoding=\"async\" loading=\"lazy\" src=\"https:\/\/www.paypalobjects.com\/en_US\/i\/scr\/pixel.gif\" alt=\"\" width=\"1\" height=\"1\" border=\"0\" \/><\/p>\n<\/form>\n<form action=\"https:\/\/www.paypal.com\/cgi-bin\/webscr\" method=\"post\" target=\"_top\"><img decoding=\"async\" loading=\"lazy\" src=\"https:\/\/www.paypalobjects.com\/en_US\/i\/scr\/pixel.gif\" alt=\"\" width=\"1\" height=\"1\" border=\"0\" \/><\/form>\n<p><img decoding=\"async\" loading=\"lazy\" src=\"https:\/\/www.paypalobjects.com\/en_US\/i\/scr\/pixel.gif\" alt=\"\" width=\"1\" height=\"1\" border=\"0\" \/><iframe loading=\"lazy\" src=\"https:\/\/docs.google.com\/forms\/d\/e\/1FAIpQLSdMOw9c93pQ7LRF6wPe1gNNVWIEQxFWQM3ckw-qBPhiZTQjdg\/viewform?embedded=true\" width=\"640\" height=\"1302\" frameborder=\"0\" marginwidth=\"0\" marginheight=\"0\">Cargando\u2026<\/iframe><\/p>\n<p>&nbsp;<\/p>\n<p>&nbsp;<\/p>\n<p>&nbsp;<\/p>\n<p>&nbsp;<\/p>\n<p>&nbsp;<\/p>\n","protected":false},"excerpt":{"rendered":"<p>Curso te\u00f3rico-pr\u00e1ctico: Medicina Herbolaria y probi\u00f3tica. Modalidad: A DISTANCIA Duraci\u00f3n: 3 meses para revisar 9 sesiones Promoci\u00f3n: pago \u00fanico de [&hellip;]<\/p>\n","protected":false},"author":2,"featured_media":0,"parent":0,"menu_order":0,"comment_status":"closed","ping_status":"closed","template":"","meta":{"site-sidebar-layout":"default","site-content-layout":"","ast-site-content-layout":"","site-content-style":"default","site-sidebar-style":"default","ast-global-header-display":"","ast-banner-title-visibility":"","ast-main-header-display":"","ast-hfb-above-header-display":"","ast-hfb-below-header-display":"","ast-hfb-mobile-header-display":"","site-post-title":"","ast-breadcrumbs-content":"","ast-featured-img":"","footer-sml-layout":"","theme-transparent-header-meta":"","adv-header-id-meta":"","stick-header-meta":"","header-above-stick-meta":"","header-main-stick-meta":"","header-below-stick-meta":"","astra-migrate-meta-layouts":"default","ast-page-background-enabled":"default","ast-page-background-meta":{"desktop":{"background-color":"var(--ast-global-color-5)","background-image":"","background-repeat":"repeat","background-position":"center center","background-size":"auto","background-attachment":"scroll","background-type":"","background-media":"","overlay-type":"","overlay-color":"","overlay-opacity":"","overlay-gradient":""},"tablet":{"background-color":"","background-image":"","background-repeat":"repeat","background-position":"center center","background-size":"auto","background-attachment":"scroll","background-type":"","background-media":"","overlay-type":"","overlay-color":"","overlay-opacity":"","overlay-gradient":""},"mobile":{"background-color":"","background-image":"","background-repeat":"repeat","background-position":"center center","background-size":"auto","background-attachment":"scroll","background-type":"","background-media":"","overlay-type":"","overlay-color":"","overlay-opacity":"","overlay-gradient":""}},"ast-content-background-meta":{"desktop":{"background-color":"var(--ast-global-color-4)","background-image":"","background-repeat":"repeat","background-position":"center center","background-size":"auto","background-attachment":"scroll","background-type":"","background-media":"","overlay-type":"","overlay-color":"","overlay-opacity":"","overlay-gradient":""},"tablet":{"background-color":"var(--ast-global-color-4)","background-image":"","background-repeat":"repeat","background-position":"center center","background-size":"auto","background-attachment":"scroll","background-type":"","background-media":"","overlay-type":"","overlay-color":"","overlay-opacity":"","overlay-gradient":""},"mobile":{"background-color":"var(--ast-global-color-4)","background-image":"","background-repeat":"repeat","background-position":"center center","background-size":"auto","background-attachment":"scroll","background-type":"","background-media":"","overlay-type":"","overlay-color":"","overlay-opacity":"","overlay-gradient":""}}},"_links":{"self":[{"href":"https:\/\/www.otrasenda.org\/index.php\/wp-json\/wp\/v2\/pages\/97"}],"collection":[{"href":"https:\/\/www.otrasenda.org\/index.php\/wp-json\/wp\/v2\/pages"}],"about":[{"href":"https:\/\/www.otrasenda.org\/index.php\/wp-json\/wp\/v2\/types\/page"}],"author":[{"embeddable":true,"href":"https:\/\/www.otrasenda.org\/index.php\/wp-json\/wp\/v2\/users\/2"}],"replies":[{"embeddable":true,"href":"https:\/\/www.otrasenda.org\/index.php\/wp-json\/wp\/v2\/comments?post=97"}],"version-history":[{"count":10,"href":"https:\/\/www.otrasenda.org\/index.php\/wp-json\/wp\/v2\/pages\/97\/revisions"}],"predecessor-version":[{"id":437,"href":"https:\/\/www.otrasenda.org\/index.php\/wp-json\/wp\/v2\/pages\/97\/revisions\/437"}],"wp:attachment":[{"href":"https:\/\/www.otrasenda.org\/index.php\/wp-json\/wp\/v2\/media?parent=97"}],"curies":[{"name":"wp","href":"https:\/\/api.w.org\/{rel}","templated":true}]}}